{"id":618,"date":"2020-04-27T19:15:16","date_gmt":"2020-04-27T17:15:16","guid":{"rendered":"http:\/\/bern-art-cornet.fr\/?page_id=618"},"modified":"2020-05-07T23:06:44","modified_gmt":"2020-05-07T21:06:44","slug":"11-programmation","status":"publish","type":"page","link":"https:\/\/bern-art-cornet.fr\/?page_id=618","title":{"rendered":"11-Vorono\u00ef"},"content":{"rendered":"\n<!-- default-view.php -->\n<div\n\tclass=\"ngg-galleryoverview default-view \"\n\tid=\"ngg-gallery-8328c880edba1e40b3148ee7bb2830d5-1\">\n\n\t\t<!-- Thumbnails -->\n\t\t\t\t<div id=\"ngg-image-0\" class=\"ngg-gallery-thumbnail-box \" >\n\t\t\t\t        <div class=\"ngg-gallery-thumbnail\">\n            <a href=\"https:\/\/bern-art-cornet.fr\/wp-content\/gallery\/11-voronoi\/193-croissance-1030x1300-comp70.jpg\"\n               title=\"193 - Croissance - Huile - 81 x 65 cm\"\n               data-src=\"https:\/\/bern-art-cornet.fr\/wp-content\/gallery\/11-voronoi\/193-croissance-1030x1300-comp70.jpg\"\n               data-thumbnail=\"https:\/\/bern-art-cornet.fr\/wp-content\/gallery\/11-voronoi\/thumbs\/thumbs_193-croissance-1030x1300-comp70.jpg\"\n               data-image-id=\"247\"\n               data-title=\"193 - Croissance - Huile - 81 x 65 cm\"\n               data-description=\"193 - Croissance - Huile - 81 x 65 cm\"\n               data-image-slug=\"193-croissance-1030x1300-comp70-3\"\n               class=\"shutterset_8328c880edba1e40b3148ee7bb2830d5\">\n                <img\n                    title=\"193 - Croissance - Huile - 81 x 65 cm\"\n                    alt=\"193 - Croissance - Huile - 81 x 65 cm\"\n                    src=\"https:\/\/bern-art-cornet.fr\/wp-content\/gallery\/11-voronoi\/thumbs\/thumbs_193-croissance-1030x1300-comp70.jpg\"\n                    width=\"160\"\n                    height=\"160\"\n                    style=\"max-width:100%;\"\n                \/>\n            <\/a>\n        <\/div>\n\t\t\t\t\t\t\t<\/div> \n\t\t\t\n\t\t\t\t<div id=\"ngg-image-1\" class=\"ngg-gallery-thumbnail-box \" >\n\t\t\t\t        <div class=\"ngg-gallery-thumbnail\">\n            <a href=\"https:\/\/bern-art-cornet.fr\/wp-content\/gallery\/11-voronoi\/193-croissance-etude-1-962x1200-1.jpg\"\n               title=\"193 - Croissance - Etude 1 - Dessin\"\n               data-src=\"https:\/\/bern-art-cornet.fr\/wp-content\/gallery\/11-voronoi\/193-croissance-etude-1-962x1200-1.jpg\"\n               data-thumbnail=\"https:\/\/bern-art-cornet.fr\/wp-content\/gallery\/11-voronoi\/thumbs\/thumbs_193-croissance-etude-1-962x1200-1.jpg\"\n               data-image-id=\"248\"\n               data-title=\"193 - Croissance - Etude 1 - Dessin\"\n               data-description=\"193 - Croissance - Etude 1 - Dessin\"\n               data-image-slug=\"193-croissance-etude-1-962x1200-1\"\n               class=\"shutterset_8328c880edba1e40b3148ee7bb2830d5\">\n                <img\n                    title=\"193 - Croissance - Etude 1 - Dessin\"\n                    alt=\"193 - Croissance - Etude 1 - Dessin\"\n                    src=\"https:\/\/bern-art-cornet.fr\/wp-content\/gallery\/11-voronoi\/thumbs\/thumbs_193-croissance-etude-1-962x1200-1.jpg\"\n                    width=\"160\"\n                    height=\"160\"\n                    style=\"max-width:100%;\"\n                \/>\n            <\/a>\n        <\/div>\n\t\t\t\t\t\t\t<\/div> \n\t\t\t\n\t\t\t\t<div id=\"ngg-image-2\" class=\"ngg-gallery-thumbnail-box \" >\n\t\t\t\t        <div class=\"ngg-gallery-thumbnail\">\n            <a href=\"https:\/\/bern-art-cornet.fr\/wp-content\/gallery\/11-voronoi\/193-croissance-etude-2-1200x900-1.jpg\"\n               title=\"193 - Croissance - Etude 2 - Cellules de Vorono\u00ef - Trac\u00e9 manuel\"\n               data-src=\"https:\/\/bern-art-cornet.fr\/wp-content\/gallery\/11-voronoi\/193-croissance-etude-2-1200x900-1.jpg\"\n               data-thumbnail=\"https:\/\/bern-art-cornet.fr\/wp-content\/gallery\/11-voronoi\/thumbs\/thumbs_193-croissance-etude-2-1200x900-1.jpg\"\n               data-image-id=\"249\"\n               data-title=\"193 - Croissance - Etude 2 - Cellules de Vorono\u00ef -Trac\u00e9 manuel\"\n               data-description=\"193 - Croissance - Etude 2 - Cellules de Vorono\u00ef - Trac\u00e9 manuel\"\n               data-image-slug=\"193-croissance-etude-2-1200x900-1\"\n               class=\"shutterset_8328c880edba1e40b3148ee7bb2830d5\">\n                <img\n                    title=\"193 - Croissance - Etude 2 - Cellules de Vorono\u00ef -Trac\u00e9 manuel\"\n                    alt=\"193 - Croissance - Etude 2 - Cellules de Vorono\u00ef -Trac\u00e9 manuel\"\n                    src=\"https:\/\/bern-art-cornet.fr\/wp-content\/gallery\/11-voronoi\/thumbs\/thumbs_193-croissance-etude-2-1200x900-1.jpg\"\n                    width=\"160\"\n                    height=\"160\"\n                    style=\"max-width:100%;\"\n                \/>\n            <\/a>\n        <\/div>\n\t\t\t\t\t\t\t<\/div> \n\t\t\t\n\t\t\t\t<div id=\"ngg-image-3\" class=\"ngg-gallery-thumbnail-box \" >\n\t\t\t\t        <div class=\"ngg-gallery-thumbnail\">\n            <a href=\"https:\/\/bern-art-cornet.fr\/wp-content\/gallery\/11-voronoi\/196-cellules-1296x1300-comp70.jpg\"\n               title=\"196 - Cellules - Acrylique - Couleurs Prismes - 80 X 80 cm\"\n               data-src=\"https:\/\/bern-art-cornet.fr\/wp-content\/gallery\/11-voronoi\/196-cellules-1296x1300-comp70.jpg\"\n               data-thumbnail=\"https:\/\/bern-art-cornet.fr\/wp-content\/gallery\/11-voronoi\/thumbs\/thumbs_196-cellules-1296x1300-comp70.jpg\"\n               data-image-id=\"250\"\n               data-title=\"196 - Cellules - Acrylique - Couleurs Prismes - 80 X 80 cm\"\n               data-description=\"196 - Cellules - Acrylique - Couleurs Prismes - 80 X 80 cm\"\n               data-image-slug=\"196-cellules-1296x1300-comp70-1\"\n               class=\"shutterset_8328c880edba1e40b3148ee7bb2830d5\">\n                <img\n                    title=\"196 - Cellules - Acrylique - Couleurs Prismes - 80 X 80 cm\"\n                    alt=\"196 - Cellules - Acrylique - Couleurs Prismes - 80 X 80 cm\"\n                    src=\"https:\/\/bern-art-cornet.fr\/wp-content\/gallery\/11-voronoi\/thumbs\/thumbs_196-cellules-1296x1300-comp70.jpg\"\n                    width=\"160\"\n                    height=\"160\"\n                    style=\"max-width:100%;\"\n                \/>\n            <\/a>\n        <\/div>\n\t\t\t\t\t\t\t<\/div> \n\t\t\t\n\t\t\t\t<div id=\"ngg-image-4\" class=\"ngg-gallery-thumbnail-box \" >\n\t\t\t\t        <div class=\"ngg-gallery-thumbnail\">\n            <a href=\"https:\/\/bern-art-cornet.fr\/wp-content\/gallery\/11-voronoi\/196-cellules-detail-1-1200x800-comp70.jpg\"\n               title=\"196 - Cellules - D\u00e9tail 1 - Cellules de Vorono\u00ef\"\n               data-src=\"https:\/\/bern-art-cornet.fr\/wp-content\/gallery\/11-voronoi\/196-cellules-detail-1-1200x800-comp70.jpg\"\n               data-thumbnail=\"https:\/\/bern-art-cornet.fr\/wp-content\/gallery\/11-voronoi\/thumbs\/thumbs_196-cellules-detail-1-1200x800-comp70.jpg\"\n               data-image-id=\"256\"\n               data-title=\"196 - Cellules - D\u00e9tail 1 - Cellules de Vorono\u00ef\"\n               data-description=\"196 - Cellules - D\u00e9tail 1 - Cellules de Vorono\u00ef\"\n               data-image-slug=\"196-cellules-detail-1-1200x800-comp70\"\n               class=\"shutterset_8328c880edba1e40b3148ee7bb2830d5\">\n                <img\n                    title=\"196 - Cellules - D\u00e9tail 1 - Cellules de Vorono\u00ef\"\n                    alt=\"196 - Cellules - D\u00e9tail 1 - Cellules de Vorono\u00ef\"\n                    src=\"https:\/\/bern-art-cornet.fr\/wp-content\/gallery\/11-voronoi\/thumbs\/thumbs_196-cellules-detail-1-1200x800-comp70.jpg\"\n                    width=\"160\"\n                    height=\"160\"\n                    style=\"max-width:100%;\"\n                \/>\n            <\/a>\n        <\/div>\n\t\t\t\t\t\t\t<\/div> \n\t\t\t\n\t\t\t\t<div id=\"ngg-image-5\" class=\"ngg-gallery-thumbnail-box \" >\n\t\t\t\t        <div class=\"ngg-gallery-thumbnail\">\n            <a href=\"https:\/\/bern-art-cornet.fr\/wp-content\/gallery\/11-voronoi\/196-cellules-detail-4-1200x1178-comp70.jpg\"\n               title=\"196 - D\u00e9tail 3 - Couleurs prisme - particules en suspension naturellement aglom\u00e9r\u00e9es en cellules en s\u00e9chant\"\n               data-src=\"https:\/\/bern-art-cornet.fr\/wp-content\/gallery\/11-voronoi\/196-cellules-detail-4-1200x1178-comp70.jpg\"\n               data-thumbnail=\"https:\/\/bern-art-cornet.fr\/wp-content\/gallery\/11-voronoi\/thumbs\/thumbs_196-cellules-detail-4-1200x1178-comp70.jpg\"\n               data-image-id=\"254\"\n               data-title=\"196 - D\u00e9tail 3 - Couleurs prisme - particules en suspension naturellement aglom\u00e9r\u00e9es en cellules en s\u00e9chant\"\n               data-description=\"196 - D\u00e9tail 3 - Couleurs prisme - particules en suspension naturellement aglom\u00e9r\u00e9es en cellules en s\u00e9chant\"\n               data-image-slug=\"196-cellules-detail-4-1200x1178-comp70\"\n               class=\"shutterset_8328c880edba1e40b3148ee7bb2830d5\">\n                <img\n                    title=\"196 - D\u00e9tail 3 - Couleurs prisme - particules en suspension naturellement aglom\u00e9r\u00e9es en cellules en s\u00e9chant\"\n                    alt=\"196 - D\u00e9tail 3 - Couleurs prisme - particules en suspension naturellement aglom\u00e9r\u00e9es en cellules en s\u00e9chant\"\n                    src=\"https:\/\/bern-art-cornet.fr\/wp-content\/gallery\/11-voronoi\/thumbs\/thumbs_196-cellules-detail-4-1200x1178-comp70.jpg\"\n                    width=\"160\"\n                    height=\"160\"\n                    style=\"max-width:100%;\"\n                \/>\n            <\/a>\n        <\/div>\n\t\t\t\t\t\t\t<\/div> \n\t\t\t\n\t\t\t\t<div id=\"ngg-image-6\" class=\"ngg-gallery-thumbnail-box \" >\n\t\t\t\t        <div class=\"ngg-gallery-thumbnail\">\n            <a href=\"https:\/\/bern-art-cornet.fr\/wp-content\/gallery\/11-voronoi\/196-cellules-detail-5-1200x1172-comp70.jpg\"\n               title=\"196 - Cellules - D\u00e9tail 4 - Couleurs prisme - particules en suspension naturellement agglom\u00e9r\u00e9es en cellules en s\u00e9chant\"\n               data-src=\"https:\/\/bern-art-cornet.fr\/wp-content\/gallery\/11-voronoi\/196-cellules-detail-5-1200x1172-comp70.jpg\"\n               data-thumbnail=\"https:\/\/bern-art-cornet.fr\/wp-content\/gallery\/11-voronoi\/thumbs\/thumbs_196-cellules-detail-5-1200x1172-comp70.jpg\"\n               data-image-id=\"253\"\n               data-title=\"196 - Cellules - D\u00e9tail 4 - Couleurs prisme - particules en suspension naturellement agglom\u00e9r\u00e9es en cellules en s\u00e9chant\"\n               data-description=\"196 - Cellules - D\u00e9tail 4 - Couleurs prisme - particules en suspension naturellement agglom\u00e9r\u00e9es en cellules en s\u00e9chant\"\n               data-image-slug=\"196-cellules-detail-5-1200x1172-comp70\"\n               class=\"shutterset_8328c880edba1e40b3148ee7bb2830d5\">\n                <img\n                    title=\"196 - Cellules - D\u00e9tail 4 - Couleurs prisme - particules en suspension naturellement agglom\u00e9r\u00e9es en cellules en s\u00e9chant\"\n                    alt=\"196 - Cellules - D\u00e9tail 4 - Couleurs prisme - particules en suspension naturellement agglom\u00e9r\u00e9es en cellules en s\u00e9chant\"\n                    src=\"https:\/\/bern-art-cornet.fr\/wp-content\/gallery\/11-voronoi\/thumbs\/thumbs_196-cellules-detail-5-1200x1172-comp70.jpg\"\n                    width=\"160\"\n                    height=\"160\"\n                    style=\"max-width:100%;\"\n                \/>\n            <\/a>\n        <\/div>\n\t\t\t\t\t\t\t<\/div> \n\t\t\t\n\t\t\t\t<div id=\"ngg-image-7\" class=\"ngg-gallery-thumbnail-box \" >\n\t\t\t\t        <div class=\"ngg-gallery-thumbnail\">\n            <a href=\"https:\/\/bern-art-cornet.fr\/wp-content\/gallery\/11-voronoi\/196-cellules-detail-6-1200x800-comp70.jpg\"\n               title=\"196 - Cellules - D\u00e9tail 5\"\n               data-src=\"https:\/\/bern-art-cornet.fr\/wp-content\/gallery\/11-voronoi\/196-cellules-detail-6-1200x800-comp70.jpg\"\n               data-thumbnail=\"https:\/\/bern-art-cornet.fr\/wp-content\/gallery\/11-voronoi\/thumbs\/thumbs_196-cellules-detail-6-1200x800-comp70.jpg\"\n               data-image-id=\"252\"\n               data-title=\"196 - Cellules - D\u00e9tail 5\"\n               data-description=\"196 - Cellules - D\u00e9tail 5\"\n               data-image-slug=\"196-cellules-detail-6-1200x800-comp70\"\n               class=\"shutterset_8328c880edba1e40b3148ee7bb2830d5\">\n                <img\n                    title=\"196 - Cellules - D\u00e9tail 5\"\n                    alt=\"196 - Cellules - D\u00e9tail 5\"\n                    src=\"https:\/\/bern-art-cornet.fr\/wp-content\/gallery\/11-voronoi\/thumbs\/thumbs_196-cellules-detail-6-1200x800-comp70.jpg\"\n                    width=\"160\"\n                    height=\"160\"\n                    style=\"max-width:100%;\"\n                \/>\n            <\/a>\n        <\/div>\n\t\t\t\t\t\t\t<\/div> \n\t\t\t\n\t\t\t\t<div id=\"ngg-image-8\" class=\"ngg-gallery-thumbnail-box \" >\n\t\t\t\t        <div class=\"ngg-gallery-thumbnail\">\n            <a href=\"https:\/\/bern-art-cornet.fr\/wp-content\/gallery\/11-voronoi\/196-cellules-etude-1126x1200-1.jpg\"\n               title=\"196 - Cellules - Etude d&#039;apr\u00e8s programme g\u00e9n\u00e9rant des Cellules de Vorono\u00ef - Choix de la position des points manuel\"\n               data-src=\"https:\/\/bern-art-cornet.fr\/wp-content\/gallery\/11-voronoi\/196-cellules-etude-1126x1200-1.jpg\"\n               data-thumbnail=\"https:\/\/bern-art-cornet.fr\/wp-content\/gallery\/11-voronoi\/thumbs\/thumbs_196-cellules-etude-1126x1200-1.jpg\"\n               data-image-id=\"258\"\n               data-title=\"196 - Cellules - Etude d&#039;apr\u00e8s programme g\u00e9n\u00e9rant des Cellules de Vorono\u00ef - Choix de la position des points manuel\"\n               data-description=\"196 - Cellules - Etude d&#039;apr\u00e8s programme g\u00e9n\u00e9rant des Cellules de Vorono\u00ef - Choix de la position des points manuel\"\n               data-image-slug=\"196-cellules-etude-1126x1200-1\"\n               class=\"shutterset_8328c880edba1e40b3148ee7bb2830d5\">\n                <img\n                    title=\"196 - Cellules - Etude d&#039;apr\u00e8s programme g\u00e9n\u00e9rant des Cellules de Vorono\u00ef - Choix de la position des points manuel\"\n                    alt=\"196 - Cellules - Etude d&#039;apr\u00e8s programme g\u00e9n\u00e9rant des Cellules de Vorono\u00ef - Choix de la position des points manuel\"\n                    src=\"https:\/\/bern-art-cornet.fr\/wp-content\/gallery\/11-voronoi\/thumbs\/thumbs_196-cellules-etude-1126x1200-1.jpg\"\n                    width=\"160\"\n                    height=\"160\"\n                    style=\"max-width:100%;\"\n                \/>\n            <\/a>\n        <\/div>\n\t\t\t\t\t\t\t<\/div> \n\t\t\t\n\t\n\t<br style=\"clear: both\" \/>\n\n\t\n\t\t<!-- Pagination -->\n\t<div class='ngg-clear'><\/div>\t<\/div>\n\n","protected":false},"excerpt":{"rendered":"","protected":false},"author":1,"featured_media":0,"parent":0,"menu_order":0,"comment_status":"closed","ping_status":"closed","template":"","meta":{"ngg_post_thumbnail":0},"_links":{"self":[{"href":"https:\/\/bern-art-cornet.fr\/index.php?rest_route=\/wp\/v2\/pages\/618"}],"collection":[{"href":"https:\/\/bern-art-cornet.fr\/index.php?rest_route=\/wp\/v2\/pages"}],"about":[{"href":"https:\/\/bern-art-cornet.fr\/index.php?rest_route=\/wp\/v2\/types\/page"}],"author":[{"embeddable":true,"href":"https:\/\/bern-art-cornet.fr\/index.php?rest_route=\/wp\/v2\/users\/1"}],"replies":[{"embeddable":true,"href":"https:\/\/bern-art-cornet.fr\/index.php?rest_route=%2Fwp%2Fv2%2Fcomments&post=618"}],"version-history":[{"count":5,"href":"https:\/\/bern-art-cornet.fr\/index.php?rest_route=\/wp\/v2\/pages\/618\/revisions"}],"predecessor-version":[{"id":742,"href":"https:\/\/bern-art-cornet.fr\/index.php?rest_route=\/wp\/v2\/pages\/618\/revisions\/742"}],"wp:attachment":[{"href":"https:\/\/bern-art-cornet.fr\/index.php?rest_route=%2Fwp%2Fv2%2Fmedia&parent=618"}],"curies":[{"name":"wp","href":"https:\/\/api.w.org\/{rel}","templated":true}]}}